{"id":16351,"date":"2021-05-11T11:29:35","date_gmt":"2021-05-11T10:29:35","guid":{"rendered":"https:\/\/nolita.fr\/?page_id=16351"},"modified":"2021-05-11T11:41:26","modified_gmt":"2021-05-11T10:41:26","slug":"politique-de-confidentialites","status":"publish","type":"page","link":"https:\/\/nolita.fr\/en\/politique-de-confidentialites\/","title":{"rendered":"CONFIDENTIALITY POLICY"},"content":{"rendered":"<div data-elementor-type=\"wp-page\" data-elementor-id=\"16351\" class=\"elementor elementor-16351\">\n\t\t\t\t\t\t<section class=\"elementor-section elementor-top-section elementor-element elementor-element-300afd6f elementor-section-height-min-height elementor-section-items-bottom elementor-section-content-middle elementor-section-boxed elementor-section-height-default\" data-id=\"300afd6f\" data-element_type=\"section\" data-settings=\"{&quot;background_background&quot;:&quot;slideshow&quot;,&quot;background_slideshow_ken_burns&quot;:&quot;yes&quot;,&quot;background_slideshow_slide_duration&quot;:4000,&quot;background_slideshow_transition_duration&quot;:400,&quot;background_slideshow_gallery&quot;:[],&quot;background_slideshow_loop&quot;:&quot;yes&quot;,&quot;background_slideshow_slide_transition&quot;:&quot;fade&quot;,&quot;background_slideshow_ken_burns_zoom_direction&quot;:&quot;in&quot;}\">\n\t\t\t\t\t\t\t<div class=\"elementor-background-overlay\"><\/div>\n\t\t\t\t\t\t\t<div class=\"elementor-container elementor-column-gap-default\">\n\t\t\t\t\t<div class=\"elementor-column elementor-col-100 elementor-top-column elementor-element elementor-element-23b99e8e\" data-id=\"23b99e8e\" data-element_type=\"column\">\n\t\t\t<div class=\"elementor-widget-wrap elementor-element-populated\">\n\t\t\t\t\t\t<div class=\"elementor-element elementor-element-79b1c9be elementor-invisible elementor-widget elementor-widget-heading\" data-id=\"79b1c9be\" data-element_type=\"widget\" data-settings=\"{&quot;_animation&quot;:&quot;fadeIn&quot;}\" data-widget_type=\"heading.default\">\n\t\t\t\t\t<h2 class=\"elementor-heading-title elementor-size-default\">CONFIDENTIALITY POLICY<\/h2>\t\t\t\t<\/div>\n\t\t\t\t<div class=\"elementor-element elementor-element-2f25efea elementor-invisible elementor-widget elementor-widget-heading\" data-id=\"2f25efea\" data-element_type=\"widget\" data-settings=\"{&quot;_animation&quot;:&quot;fadeIn&quot;}\" data-widget_type=\"heading.default\">\n\t\t\t\t\t<p class=\"elementor-heading-title elementor-size-default\">&nbsp;<\/p>\t\t\t\t<\/div>\n\t\t\t\t<div class=\"elementor-element elementor-element-2e925e8 animated-slow bouncing elementor-view-default elementor-invisible elementor-widget elementor-widget-icon\" data-id=\"2e925e8\" data-element_type=\"widget\" data-settings=\"{&quot;_animation&quot;:&quot;slideInDown&quot;,&quot;_animation_delay&quot;:1000}\" data-widget_type=\"icon.default\">\n\t\t\t\t\t\t\t<div class=\"elementor-icon-wrapper\">\n\t\t\t<a class=\"elementor-icon elementor-animation-hang\" href=\"#start\">\n\t\t\t<svg aria-hidden=\"true\" class=\"e-font-icon-svg e-fas-chevron-down\" viewbox=\"0 0 448 512\" xmlns=\"http:\/\/www.w3.org\/2000\/svg\"><path d=\"M207.029 381.476L12.686 187.132c-9.373-9.373-9.373-24.569 0-33.941l22.667-22.667c9.357-9.357 24.522-9.375 33.901-.04L224 284.505l154.745-154.021c9.379-9.335 24.544-9.317 33.901.04l22.667 22.667c9.373 9.373 9.373 24.569 0 33.941L240.971 381.476c-9.373 9.372-24.569 9.372-33.942 0z\"><\/path><\/svg>\t\t\t<\/a>\n\t\t<\/div>\n\t\t\t\t\t\t<\/div>\n\t\t\t\t<div class=\"elementor-element elementor-element-4c976f33 elementor-widget elementor-widget-menu-anchor\" data-id=\"4c976f33\" data-element_type=\"widget\" data-widget_type=\"menu-anchor.default\">\n\t\t\t\t\t\t\t<div class=\"elementor-menu-anchor\" id=\"start\"><\/div>\n\t\t\t\t\t\t<\/div>\n\t\t\t\t\t<\/div>\n\t\t<\/div>\n\t\t\t\t\t<\/div>\n\t\t<\/section>\n\t\t\t\t<section class=\"elementor-section elementor-top-section elementor-element elementor-element-6a14793f elementor-section-boxed elementor-section-height-default elementor-section-height-default\" data-id=\"6a14793f\" data-element_type=\"section\">\n\t\t\t\t\t\t<div class=\"elementor-container elementor-column-gap-default\">\n\t\t\t\t\t<div class=\"elementor-column elementor-col-100 elementor-top-column elementor-element elementor-element-756cb470\" data-id=\"756cb470\" data-element_type=\"column\">\n\t\t\t<div class=\"elementor-widget-wrap elementor-element-populated\">\n\t\t\t\t\t\t<section class=\"elementor-section elementor-inner-section elementor-element elementor-element-25ce9841 elementor-section-boxed elementor-section-height-default elementor-section-height-default\" data-id=\"25ce9841\" data-element_type=\"section\">\n\t\t\t\t\t\t<div class=\"elementor-container elementor-column-gap-default\">\n\t\t\t\t\t<div class=\"elementor-column elementor-col-100 elementor-inner-column elementor-element elementor-element-4df37243\" data-id=\"4df37243\" data-element_type=\"column\">\n\t\t\t<div class=\"elementor-widget-wrap elementor-element-populated\">\n\t\t\t\t\t\t<div class=\"elementor-element elementor-element-2f3d8fdf elementor-widget elementor-widget-spacer\" data-id=\"2f3d8fdf\" data-element_type=\"widget\" data-widget_type=\"spacer.default\">\n\t\t\t\t\t\t\t<div class=\"elementor-spacer\">\n\t\t\t<div class=\"elementor-spacer-inner\"><\/div>\n\t\t<\/div>\n\t\t\t\t\t\t<\/div>\n\t\t\t\t<div class=\"elementor-element elementor-element-7f51ec83 elementor-widget elementor-widget-text-editor\" data-id=\"7f51ec83\" data-element_type=\"widget\" data-widget_type=\"text-editor.default\">\n\t\t\t\t\t\t\t\t\t<p><b>QUELLE EST L&rsquo;UTILIT\u00c9 DE CETTE POLITIQUE ?<\/b><\/p><p><b>Nous accordons une grande importance \u00e0 la protection et la confidentialit\u00e9 de vos donn\u00e9es personnelles qui repr\u00e9sentent pour nous un gage de s\u00e9rieux et de confiance.\u00a0<\/b><\/p><p>La politique de confidentialit\u00e9 des donn\u00e9es t\u00e9moigne pr\u00e9cis\u00e9ment de <b>notre volont\u00e9 de faire respecter les r\u00e8gles applicables en mati\u00e8re de protection des donn\u00e9es<\/b> et, notamment, celles du R\u00e8glement g\u00e9n\u00e9ral sur la protection des Donn\u00e9es (\u00ab\u00a0RGPD\u00a0\u00bb).<\/p><p>En particulier, la politique de confidentialit\u00e9 vise \u00e0 vous informer sur la mani\u00e8re et les raisons pour lesquelles nous traitons vos donn\u00e9es dans le cadre des <b>services<\/b> que nous fournissons.\u00a0<\/p>\t\t\t\t\t\t\t\t<\/div>\n\t\t\t\t\t<\/div>\n\t\t<\/div>\n\t\t\t\t\t<\/div>\n\t\t<\/section>\n\t\t\t\t<div class=\"elementor-element elementor-element-6fca982d elementor-widget elementor-widget-spacer\" data-id=\"6fca982d\" data-element_type=\"widget\" data-widget_type=\"spacer.default\">\n\t\t\t\t\t\t\t<div class=\"elementor-spacer\">\n\t\t\t<div class=\"elementor-spacer-inner\"><\/div>\n\t\t<\/div>\n\t\t\t\t\t\t<\/div>\n\t\t\t\t<section class=\"elementor-section elementor-inner-section elementor-element elementor-element-1047eb32 elementor-section-boxed elementor-section-height-default elementor-section-height-default\" data-id=\"1047eb32\" data-element_type=\"section\">\n\t\t\t\t\t\t<div class=\"elementor-container elementor-column-gap-default\">\n\t\t\t\t\t<div class=\"elementor-column elementor-col-50 elementor-inner-column elementor-element elementor-element-5aa3ec8c\" data-id=\"5aa3ec8c\" data-element_type=\"column\">\n\t\t\t<div class=\"elementor-widget-wrap elementor-element-populated\">\n\t\t\t\t\t\t<div class=\"elementor-element elementor-element-47e15cb elementor-widget elementor-widget-heading\" data-id=\"47e15cb\" data-element_type=\"widget\" data-widget_type=\"heading.default\">\n\t\t\t\t\t<h1 class=\"elementor-heading-title elementor-size-default\">\u00c0 QUI S'ADRESSE CETTE POLITIQUE ?<\/h1>\t\t\t\t<\/div>\n\t\t\t\t<div class=\"elementor-element elementor-element-634fccd1 elementor-widget elementor-widget-text-editor\" data-id=\"634fccd1\" data-element_type=\"widget\" data-widget_type=\"text-editor.default\">\n\t\t\t\t\t\t\t\t\t<p>La politique s\u2019applique \u00e0<b> vous<\/b> quel que soit votre lieu de domiciliation, que vous soyez un <b>client<\/b>, un <b>potentiel client (\u201cprospect\u201d)<\/b> ou encore un <b>simple visiteur<\/b>.\u00a0<\/p><p><br \/>Si vous avez <b>moins de 18 ans<\/b>, vous n\u2019\u00eates pas autoris\u00e9 \u00e0 b\u00e9n\u00e9ficier de nos services sauf autorisation pr\u00e9alable de vos parents ou de la personne d\u00e9tentrice de l\u2019autorit\u00e9 parentale. Si vous pensez que nous pourrions d\u00e9tenir des informations concernant un de vos enfants \u00e2g\u00e9s de moins de 18 ans <b>sans y avoir consenti<\/b>, vous pouvez nous demander que nous les <b>supprimions<\/b> \u00e0 l\u2019adresse contact@nolita.fr.<\/p>\t\t\t\t\t\t\t\t<\/div>\n\t\t\t\t<div class=\"elementor-element elementor-element-688f8867 elementor-widget elementor-widget-heading\" data-id=\"688f8867\" data-element_type=\"widget\" data-widget_type=\"heading.default\">\n\t\t\t\t\t<h2 class=\"elementor-heading-title elementor-size-default\">QUELLES DONN\u00c9ES TRAITONS-NOUS ET POUR COMBIEN DE TEMPS ?<\/h2>\t\t\t\t<\/div>\n\t\t\t\t<div class=\"elementor-element elementor-element-1e926391 elementor-widget elementor-widget-text-editor\" data-id=\"1e926391\" data-element_type=\"widget\" data-widget_type=\"text-editor.default\">\n\t\t\t\t\t\t\t\t\t<p>Nous avons r\u00e9sum\u00e9 ci-apr\u00e8s les <b>cat\u00e9gories de donn\u00e9es personnelles<\/b> que nous collectons directement<b> aupr\u00e8s de vous<\/b> ou via des <b>bases de donn\u00e9es de potentiels clients<\/b>, ainsi que leur <b>dur\u00e9e respective de conservation<\/b>.<\/p><p>Si vous souhaitez obtenir encore plus de d\u00e9tails sur les dur\u00e9es de conservation, vous pouvez nous contacter \u00e0 l\u2019adresse : contact@nolita.fr.<\/p><ul><li aria-level=\"1\">Donn\u00e9es d\u2019<b>identification professionnelles<\/b> et <b>coordonn\u00e9es<\/b> (ex : nom, pr\u00e9nom, adresse email professionnelle, adresse professionnelles, etc.) conserv\u00e9es pendant toute la dur\u00e9e de la fourniture du service \u00e0 laquelle s\u2019ajoutent les d\u00e9lais de prescriptions l\u00e9gaux qui sont g\u00e9n\u00e9ralement de 5 ans. Nous vous pr\u00e9cisons que nous ne collectons pas de pi\u00e8ces d\u2019identit\u00e9s vous concernant (ex: carte d\u2019identit\u00e9 ou passeport, num\u00e9ro de s\u00e9curit\u00e9 sociale ou permis de conduire).<\/li><li aria-level=\"1\">Donn\u00e9es aux fins de<b> prospection commerciale <\/b>et<b> marketing <\/b>(ex: adresse email, etc.) conserv\u00e9es pendant une dur\u00e9e maximum de 3 ans \u00e0 compter du dernier contact que nous avons eu avec vous.<\/li><li aria-level=\"1\">Donn\u00e9es de <b>connexion<\/b> (ex: logs, adresse IP, etc.) conserv\u00e9es pendant une dur\u00e9e de 1 an.<\/li><li aria-level=\"1\"><b>Cookies <\/b>conserv\u00e9es pendant une dur\u00e9e de 13 mois maximum \u00e0 compter de leur installation.<\/li><\/ul><p>A l\u2019expiration des dur\u00e9es de conservation r\u00e9sum\u00e9es pr\u00e9c\u00e9demment, nous<b> supprimons<\/b> toutes vos donn\u00e9es personnelles afin de garantir votre confidentialit\u00e9 pour les ann\u00e9es futures.\u00a0<\/p><p>La suppression de vos donn\u00e9es personnelles est<b> irr\u00e9versible <\/b>et nous ne pourrons plus vous les communiquer pass\u00e9 ce d\u00e9lai. Tout au plus, nous pouvons uniquement conserver des donn\u00e9es anonymes \u00e0 des fins de <b>statistiques<\/b>.\u00a0<\/p><p>Veuillez \u00e9galement noter qu\u2019en cas de<b> contentieux<\/b>, nous avons pour obligation de conserver<b> l\u2019int\u00e9gralit\u00e9 <\/b>des donn\u00e9es vous concernant durant toute la dur\u00e9e de traitement du dossier m\u00eame apr\u00e8s l\u2019expiration de leurs dur\u00e9es de conservation d\u00e9crites pr\u00e9c\u00e9demment.<\/p>\t\t\t\t\t\t\t\t<\/div>\n\t\t\t\t<div class=\"elementor-element elementor-element-1e20c650 elementor-widget elementor-widget-heading\" data-id=\"1e20c650\" data-element_type=\"widget\" data-widget_type=\"heading.default\">\n\t\t\t\t\t<h4 class=\"elementor-heading-title elementor-size-default\">DE QUELS DROITS DISPOSEZ-VOUS POUR CONTR\u00d4LER L'USAGE DE VOS DONN\u00c9ES ?<\/h4>\t\t\t\t<\/div>\n\t\t\t\t<div class=\"elementor-element elementor-element-52f85a36 elementor-widget elementor-widget-text-editor\" data-id=\"52f85a36\" data-element_type=\"widget\" data-widget_type=\"text-editor.default\">\n\t\t\t\t\t\t\t\t\t<p>La r\u00e9glementation applicable en mati\u00e8re de protection des donn\u00e9es vous octroie <b>des droits sp\u00e9cifiques<\/b> que vous pouvez exercer, <b>\u00e0 tout moment<\/b> et<b> gratuitement<\/b>, afin de contr\u00f4ler l\u2019usage que nous faisons de vos donn\u00e9es.<\/p><ul><li aria-level=\"1\">Droit d\u2019<b>acc\u00e8s <\/b>et de<b> copie<\/b> de vos donn\u00e9es personnelles d\u00e8s lors que cette demande n\u2019est pas en contradiction avec le secret des affaires, la confidentialit\u00e9, ou encore le secret des correspondances.<\/li><li aria-level=\"1\">Droit de <b>rectification<\/b> de donn\u00e9es personnelles qui seraient erron\u00e9es, obsol\u00e8tes ou incompl\u00e8tes.<\/li><li aria-level=\"1\">Droit de vous<b> opposer<\/b> aux traitements de vos donn\u00e9es personnelles mis en \u0153uvre \u00e0 des fins de prospection commerciale.<\/li><li aria-level=\"1\">Droit de demander<b> l\u2019effacement <\/b>(\u201cdroit \u00e0 l\u2019oubli\u201d) de vos donn\u00e9es personnelles qui ne seraient pas essentielles au bon fonctionnement de nos services.<\/li><li aria-level=\"1\">Droit \u00e0 la<b> limitation<\/b> de vos donn\u00e9es personnelles qui permet de photographier l\u2019utilisation de vos donn\u00e9es en cas de contestation sur la l\u00e9gitimit\u00e9 d\u2019un traitement.<\/li><li aria-level=\"1\">Droit \u00e0 la <b>portabilit\u00e9<\/b> de vos donn\u00e9es qui vous permet de r\u00e9cup\u00e9rer une partie de vos donn\u00e9es personnelles afin de les stocker ou les transmettre facilement d\u2019un syst\u00e8me d\u2019information \u00e0 un autre.<\/li><li aria-level=\"1\">Droit de donner des<b> directives<\/b> sur le sort de vos donn\u00e9es en cas de d\u00e9c\u00e8s soit par votre interm\u00e9diaire soit l\u2019interm\u00e9diaire d\u2019un tiers de confiance ou un d\u2019un ayant-droit.<\/li><\/ul><p>Pour qu\u2019une demande soit<b> prise en compte<\/b>, il est imp\u00e9ratif qu\u2019elle soit effectu\u00e9e directement par<b> vous<\/b> \u00e0 l\u2019adresse contact@nolita.fr. Toute demande qui n\u2019est pas effectu\u00e9e de cette mani\u00e8re <b>ne peut pas \u00eatre trait\u00e9e<\/b>.<\/p><p>Les demandes ne peuvent pas \u00e9maner d\u2019une autre personne que vous. Nous pouvons, uniquement dans ce cas pr\u00e9cis, vous demander la communication d\u2019une<b> preuve d\u2019identit\u00e9<\/b> en cas de doute sur l\u2019identit\u00e9 du demandeur.\u00a0<\/p><p>Nous r\u00e9pondrons \u00e0 votre demande dans les<b> meilleurs d\u00e9lais<\/b>, dans la limite de<b> deux mois<\/b> \u00e0 compter de sa r\u00e9ception, au cas o\u00f9 la demande serait techniquement complexe ou si nous recevons de nombreuses demandes au m\u00eame moment.\u00a0<\/p><p>Veuillez noter que nous pouvons toujours <b>refuser <\/b>de r\u00e9pondre \u00e0 toute demande<b> excessive ou infond\u00e9e<\/b> notamment au regard de son caract\u00e8re <b>r\u00e9p\u00e9titif<\/b>.<\/p><p>\u00a0<\/p>\t\t\t\t\t\t\t\t<\/div>\n\t\t\t\t\t<\/div>\n\t\t<\/div>\n\t\t\t\t<div class=\"elementor-column elementor-col-50 elementor-inner-column elementor-element elementor-element-608cf5de\" data-id=\"608cf5de\" data-element_type=\"column\">\n\t\t\t<div class=\"elementor-widget-wrap elementor-element-populated\">\n\t\t\t\t\t\t<div class=\"elementor-element elementor-element-437ef407 elementor-widget elementor-widget-heading\" data-id=\"437ef407\" data-element_type=\"widget\" data-widget_type=\"heading.default\">\n\t\t\t\t\t<h2 class=\"elementor-heading-title elementor-size-default\">POURQUOI TRAITONS-NOUS VOS DONN\u00c9ES ET SUR QUELS FONDEMENTS?<\/h2>\t\t\t\t<\/div>\n\t\t\t\t<div class=\"elementor-element elementor-element-24f83161 elementor-widget elementor-widget-text-editor\" data-id=\"24f83161\" data-element_type=\"widget\" data-widget_type=\"text-editor.default\">\n\t\t\t\t\t\t\t\t\t<p>Dans le cadre des services propos\u00e9s, nous sommes n\u00e9cessairement amen\u00e9s \u00e0 traiter vos donn\u00e9es personnelles pour les raisons et les fondements suivants :<\/p><ul><li aria-level=\"1\">Pour que vous puissiez<b> b\u00e9n\u00e9ficier de nos services<\/b> (ex: cr\u00e9ation de compte client, organisation de rendez-vous, etc.) et pour que nous puissions <b>r\u00e9pondre \u00e0 vos demandes<\/b> (ex: demandes d\u2019information, r\u00e9clamations, etc.) sur la base de nos conditions g\u00e9n\u00e9rales d\u2019utilisation, et de notre int\u00e9r\u00eat l\u00e9gitime \u00e0 vous fournir le meilleur service possible.<\/li><li aria-level=\"1\">Pour que vous restiez inform\u00e9s de nos <b>offres promotionnelles et \u00e9v\u00e9nements <\/b>par email sur la base de notre int\u00e9r\u00eat l\u00e9gitime \u00e0 fid\u00e9liser notre client\u00e8le et sur la base de votre consentement, dans le cas o\u00f9 vous ne seriez pas encore un de nos clients.\u00a0<\/li><\/ul><p><br \/>Pour<b> garantir et renforcer la s\u00e9curit\u00e9 et la qualit\u00e9 de nos services <\/b>au quotidien (ex: statistiques, s\u00e9curit\u00e9 des donn\u00e9es, etc.) sur la base des obligations l\u00e9gales pesant sur nous, de nos conditions g\u00e9n\u00e9rales de vente et de notre int\u00e9r\u00eat l\u00e9gitime \u00e0 assurer le bon fonctionnement de nos services.<\/p>\t\t\t\t\t\t\t\t<\/div>\n\t\t\t\t<div class=\"elementor-element elementor-element-4d28a2ed elementor-widget elementor-widget-heading\" data-id=\"4d28a2ed\" data-element_type=\"widget\" data-widget_type=\"heading.default\">\n\t\t\t\t\t<h2 class=\"elementor-heading-title elementor-size-default\">QUI PEUT AVOIR acc\u00c8s \u00c0 mes donn\u00e9es ?<\/h2>\t\t\t\t<\/div>\n\t\t\t\t<div class=\"elementor-element elementor-element-1e57495b elementor-widget elementor-widget-text-editor\" data-id=\"1e57495b\" data-element_type=\"widget\" data-widget_type=\"text-editor.default\">\n\t\t\t\t\t\t\t\t\t<p>Nous mettons en \u0153uvre tous les <b>moyens techniques<\/b> et<b> organisationnels requis <\/b>pour garantir la<b> s\u00e9curit\u00e9 <\/b>de vos donn\u00e9es au quotidien et, en particulier, pour lutter contre tout risque de destruction, perte, alt\u00e9ration, ou divulgation de vos donn\u00e9es qui ne serait pas autoris\u00e9e.<\/p><p>En particulier, nous utilisons une technologie de <b>chiffrement<\/b> pour crypter vos donn\u00e9es personnelles et les mots de passe de nos ordinateurs n\u00e9cessitent un haut niveau de s\u00e9curit\u00e9.<\/p>\t\t\t\t\t\t\t\t<\/div>\n\t\t\t\t<div class=\"elementor-element elementor-element-1c232efe elementor-widget elementor-widget-heading\" data-id=\"1c232efe\" data-element_type=\"widget\" data-widget_type=\"heading.default\">\n\t\t\t\t\t<h2 class=\"elementor-heading-title elementor-size-default\">VOS DONN\u00c9ES PEUVENT-ELLES \u00caTRE TRANSF\u00c9R\u00c9ES EN DEHORS DE L'UNION EUROP\u00c9ENNES ?<\/h2>\t\t\t\t<\/div>\n\t\t\t\t<div class=\"elementor-element elementor-element-632f0166 elementor-widget elementor-widget-text-editor\" data-id=\"632f0166\" data-element_type=\"widget\" data-widget_type=\"text-editor.default\">\n\t\t\t\t\t\t\t\t\t<p>Nous mettons en \u0153uvre tous les <b>moyens techniques<\/b> et<b> organisationnels requis <\/b>pour garantir la<b> s\u00e9curit\u00e9 <\/b>de vos donn\u00e9es au quotidien et, en particulier, pour lutter contre tout risque de destruction, perte, alt\u00e9ration, ou divulgation de vos donn\u00e9es qui ne serait pas autoris\u00e9e<\/p><p><br \/>En particulier, nous utilisons une technologie de <b>chiffrement<\/b> pour crypter vos donn\u00e9es personnelles et les mots de passe de nos ordinateurs n\u00e9cessitent un haut niveau de s\u00e9curit\u00e9.<\/p>\t\t\t\t\t\t\t\t<\/div>\n\t\t\t\t<div class=\"elementor-element elementor-element-72993563 elementor-widget elementor-widget-heading\" data-id=\"72993563\" data-element_type=\"widget\" data-widget_type=\"heading.default\">\n\t\t\t\t\t<h2 class=\"elementor-heading-title elementor-size-default\">QUI POUVEZ-VOUS CONTACTER POUR OBTENIR PLUS D'INFORMATIONS ?<\/h2>\t\t\t\t<\/div>\n\t\t\t\t<div class=\"elementor-element elementor-element-c300174 elementor-widget elementor-widget-text-editor\" data-id=\"c300174\" data-element_type=\"widget\" data-widget_type=\"text-editor.default\">\n\t\t\t\t\t\t\t\t\t<p>Nous restons \u00e0 votre disposition pour vous expliquer plus en d\u00e9tail la mani\u00e8re dont nous traitons vos donn\u00e9es et pour r\u00e9pondre \u00e0 vos questions sur le sujet \u00e0 l\u2019adresse contact@nolita.fr.<\/p>\t\t\t\t\t\t\t\t<\/div>\n\t\t\t\t<div class=\"elementor-element elementor-element-953edd5 elementor-widget elementor-widget-heading\" data-id=\"953edd5\" data-element_type=\"widget\" data-widget_type=\"heading.default\">\n\t\t\t\t\t<h4 class=\"elementor-heading-title elementor-size-default\">Comment pouvez-vous contacter la CNIL ?\n<\/h4>\t\t\t\t<\/div>\n\t\t\t\t<div class=\"elementor-element elementor-element-b3ebdb3 elementor-widget elementor-widget-text-editor\" data-id=\"b3ebdb3\" data-element_type=\"widget\" data-widget_type=\"text-editor.default\">\n\t\t\t\t\t\t\t\t\t<p>Vous pouvez \u00e0 tout moment contacter l\u2019autorit\u00e9 de contr\u00f4le fran\u00e7aise en mati\u00e8re de protection des donn\u00e9es (la \u201c<b>Commission nationale de l&rsquo;informatique et des libert\u00e9s<\/b>\u201d ou \u201c<b>CNIL<\/b>\u201d) aux coordonn\u00e9es suivantes : Service des plaintes de la CNIL, 3 place de Fontenoy \u2013 TSA 80751, 75334 Paris Cedex 07 ou par t\u00e9l\u00e9phone au 01.53.73.22.22.<\/p>\t\t\t\t\t\t\t\t<\/div>\n\t\t\t\t<div class=\"elementor-element elementor-element-f3b0958 elementor-widget elementor-widget-heading\" data-id=\"f3b0958\" data-element_type=\"widget\" data-widget_type=\"heading.default\">\n\t\t\t\t\t<h4 class=\"elementor-heading-title elementor-size-default\">La politique peut-elle \u00eatre modifi\u00e9e ?<\/h4>\t\t\t\t<\/div>\n\t\t\t\t<div class=\"elementor-element elementor-element-437ba69 elementor-widget elementor-widget-text-editor\" data-id=\"437ba69\" data-element_type=\"widget\" data-widget_type=\"text-editor.default\">\n\t\t\t\t\t\t\t\t\t<p>Nous sommes susceptibles de <b>modifier<\/b> notre politique de confidentialit\u00e9 \u00e0<b> tout moment <\/b>pour l\u2019adapter aux nouvelles<b> exigences l\u00e9gales<\/b> ainsi qu\u2019aux <b>nouveaux traitements<\/b> que nous pourrions mettre en \u0153uvre dans le futur. Vous serez \u00e9videmment inform\u00e9s de toute modification de cette politique.<\/p><p><em>Derni\u00e8re mise \u00e0 jour : 3 Mai 2021<\/em><\/p>\t\t\t\t\t\t\t\t<\/div>\n\t\t\t\t\t<\/div>\n\t\t<\/div>\n\t\t\t\t\t<\/div>\n\t\t<\/section>\n\t\t\t\t\t<\/div>\n\t\t<\/div>\n\t\t\t\t\t<\/div>\n\t\t<\/section>\n\t\t\t\t<\/div>","protected":false},"excerpt":{"rendered":"","protected":false},"author":1,"featured_media":0,"parent":0,"menu_order":0,"comment_status":"closed","ping_status":"closed","template":"elementor_header_footer","meta":{"footnotes":""},"class_list":["post-16351","page","type-page","status-publish"],"_links":{"self":[{"href":"https:\/\/nolita.fr\/en\/wp-json\/wp\/v2\/pages\/16351","targetHints":{"allow":["GET"]}}],"collection":[{"href":"https:\/\/nolita.fr\/en\/wp-json\/wp\/v2\/pages"}],"about":[{"href":"https:\/\/nolita.fr\/en\/wp-json\/wp\/v2\/types\/page"}],"author":[{"embeddable":true,"href":"https:\/\/nolita.fr\/en\/wp-json\/wp\/v2\/users\/1"}],"replies":[{"embeddable":true,"href":"https:\/\/nolita.fr\/en\/wp-json\/wp\/v2\/comments?post=16351"}],"version-history":[{"count":0,"href":"https:\/\/nolita.fr\/en\/wp-json\/wp\/v2\/pages\/16351\/revisions"}],"wp:attachment":[{"href":"https:\/\/nolita.fr\/en\/wp-json\/wp\/v2\/media?parent=16351"}],"curies":[{"name":"wp","href":"https:\/\/api.w.org\/{rel}","templated":true}]}}