{"id":15454,"date":"2020-12-16T15:32:01","date_gmt":"2020-12-16T15:32:01","guid":{"rendered":"https:\/\/nolita.fr\/?page_id=15454"},"modified":"2025-02-13T20:07:58","modified_gmt":"2025-02-13T19:07:58","slug":"mentions-legales","status":"publish","type":"page","link":"https:\/\/nolita.fr\/en\/mentions-legales\/","title":{"rendered":"TERMS AND CONDITIONS"},"content":{"rendered":"<div data-elementor-type=\"wp-page\" data-elementor-id=\"15454\" class=\"elementor elementor-15454\">\n\t\t\t\t\t\t<section class=\"elementor-section elementor-top-section elementor-element elementor-element-43f30dbf elementor-section-height-min-height elementor-section-items-bottom elementor-section-content-middle elementor-section-boxed elementor-section-height-default\" data-id=\"43f30dbf\" data-element_type=\"section\" data-settings=\"{&quot;background_background&quot;:&quot;slideshow&quot;,&quot;background_slideshow_ken_burns&quot;:&quot;yes&quot;,&quot;background_slideshow_slide_duration&quot;:4000,&quot;background_slideshow_transition_duration&quot;:400,&quot;background_slideshow_gallery&quot;:[],&quot;background_slideshow_loop&quot;:&quot;yes&quot;,&quot;background_slideshow_slide_transition&quot;:&quot;fade&quot;,&quot;background_slideshow_ken_burns_zoom_direction&quot;:&quot;in&quot;}\">\n\t\t\t\t\t\t\t<div class=\"elementor-background-overlay\"><\/div>\n\t\t\t\t\t\t\t<div class=\"elementor-container elementor-column-gap-default\">\n\t\t\t\t\t<div class=\"elementor-column elementor-col-100 elementor-top-column elementor-element elementor-element-7d92a337\" data-id=\"7d92a337\" data-element_type=\"column\">\n\t\t\t<div class=\"elementor-widget-wrap elementor-element-populated\">\n\t\t\t\t\t\t<div class=\"elementor-element elementor-element-43a24061 elementor-invisible elementor-widget elementor-widget-heading\" data-id=\"43a24061\" data-element_type=\"widget\" data-settings=\"{&quot;_animation&quot;:&quot;fadeIn&quot;}\" data-widget_type=\"heading.default\">\n\t\t\t\t\t<h2 class=\"elementor-heading-title elementor-size-default\">TERMS AND CONDITIONS<\/h2>\t\t\t\t<\/div>\n\t\t\t\t<div class=\"elementor-element elementor-element-6e653c74 elementor-invisible elementor-widget elementor-widget-heading\" data-id=\"6e653c74\" data-element_type=\"widget\" data-settings=\"{&quot;_animation&quot;:&quot;fadeIn&quot;}\" data-widget_type=\"heading.default\">\n\t\t\t\t\t<p class=\"elementor-heading-title elementor-size-default\">&nbsp;<\/p>\t\t\t\t<\/div>\n\t\t\t\t<div class=\"elementor-element elementor-element-4cad5696 animated-slow bouncing elementor-view-default elementor-invisible elementor-widget elementor-widget-icon\" data-id=\"4cad5696\" data-element_type=\"widget\" data-settings=\"{&quot;_animation&quot;:&quot;slideInDown&quot;,&quot;_animation_delay&quot;:1000}\" data-widget_type=\"icon.default\">\n\t\t\t\t\t\t\t<div class=\"elementor-icon-wrapper\">\n\t\t\t<a class=\"elementor-icon elementor-animation-hang\" href=\"#start\">\n\t\t\t<svg aria-hidden=\"true\" class=\"e-font-icon-svg e-fas-chevron-down\" viewbox=\"0 0 448 512\" xmlns=\"http:\/\/www.w3.org\/2000\/svg\"><path d=\"M207.029 381.476L12.686 187.132c-9.373-9.373-9.373-24.569 0-33.941l22.667-22.667c9.357-9.357 24.522-9.375 33.901-.04L224 284.505l154.745-154.021c9.379-9.335 24.544-9.317 33.901.04l22.667 22.667c9.373 9.373 9.373 24.569 0 33.941L240.971 381.476c-9.373 9.372-24.569 9.372-33.942 0z\"><\/path><\/svg>\t\t\t<\/a>\n\t\t<\/div>\n\t\t\t\t\t\t<\/div>\n\t\t\t\t<div class=\"elementor-element elementor-element-6ff8379e elementor-widget elementor-widget-menu-anchor\" data-id=\"6ff8379e\" data-element_type=\"widget\" data-widget_type=\"menu-anchor.default\">\n\t\t\t\t\t\t\t<div class=\"elementor-menu-anchor\" id=\"start\"><\/div>\n\t\t\t\t\t\t<\/div>\n\t\t\t\t\t<\/div>\n\t\t<\/div>\n\t\t\t\t\t<\/div>\n\t\t<\/section>\n\t\t\t\t<section class=\"elementor-section elementor-top-section elementor-element elementor-element-54876725 elementor-section-boxed elementor-section-height-default elementor-section-height-default\" data-id=\"54876725\" data-element_type=\"section\">\n\t\t\t\t\t\t<div class=\"elementor-container elementor-column-gap-default\">\n\t\t\t\t\t<div class=\"elementor-column elementor-col-100 elementor-top-column elementor-element elementor-element-325d36dd\" data-id=\"325d36dd\" data-element_type=\"column\">\n\t\t\t<div class=\"elementor-widget-wrap elementor-element-populated\">\n\t\t\t\t\t\t<section class=\"elementor-section elementor-inner-section elementor-element elementor-element-45043ff8 elementor-section-boxed elementor-section-height-default elementor-section-height-default\" data-id=\"45043ff8\" data-element_type=\"section\">\n\t\t\t\t\t\t<div class=\"elementor-container elementor-column-gap-default\">\n\t\t\t\t\t<div class=\"elementor-column elementor-col-100 elementor-inner-column elementor-element elementor-element-225f69d3\" data-id=\"225f69d3\" data-element_type=\"column\">\n\t\t\t<div class=\"elementor-widget-wrap elementor-element-populated\">\n\t\t\t\t\t\t<div class=\"elementor-element elementor-element-240e704a elementor-widget elementor-widget-heading\" data-id=\"240e704a\" data-element_type=\"widget\" data-widget_type=\"heading.default\">\n\t\t\t\t\t<h2 class=\"elementor-heading-title elementor-size-default\">1.\tMentions l\u00e9gales<\/h2>\t\t\t\t<\/div>\n\t\t\t\t<div class=\"elementor-element elementor-element-3890951 elementor-widget elementor-widget-spacer\" data-id=\"3890951\" data-element_type=\"widget\" data-widget_type=\"spacer.default\">\n\t\t\t\t\t\t\t<div class=\"elementor-spacer\">\n\t\t\t<div class=\"elementor-spacer-inner\"><\/div>\n\t\t<\/div>\n\t\t\t\t\t\t<\/div>\n\t\t\t\t<div class=\"elementor-element elementor-element-2e8dd73f elementor-widget elementor-widget-text-editor\" data-id=\"2e8dd73f\" data-element_type=\"widget\" data-widget_type=\"text-editor.default\">\n\t\t\t\t\t\t\t\t\t<p>Le pr\u00e9sent site est \u00e9dit\u00e9 par Nolita Cin\u00e9ma, une soci\u00e9t\u00e9 par actions simplifi\u00e9e au capital de 45.000 euros, dont le si\u00e8ge social se trouve 32 rue du Moulin Joly 75011 Paris, immatricul\u00e9e au RCS de Paris sous le num\u00e9ro 751\u00a0609 645, repr\u00e9sent\u00e9e par Nolita Limited, une soci\u00e9t\u00e9 \u00e0 responsabilit\u00e9 limit\u00e9e au capital de 6.000 euros, dont le si\u00e8ge social est situ\u00e9 32 rue du Moulin Joly 75011 Paris, elle-m\u00eame prise en la personne de Romain Rousseau et de Maxime Delauney et de Mathieu Ageron, en leur qualit\u00e9 de co-g\u00e9rants.<\/p><p>T\u00e9l. : 01 44 55 31 11<\/p><p>E-mail : <a href=\"mailto:contact@nolita.fr\">contact@nolita.fr<\/a><\/p><p>Les directeurs de la publication du site sont Mathieu Ageron, Maxime Delauney et Romain Rousseau.<\/p><p>Concepteur du site : <a href=\"https:\/\/pcrafts.com\" target=\"_blank\" rel=\"noopener\">pcrafts.com\u00a0<\/a><\/p>\t\t\t\t\t\t\t\t<\/div>\n\t\t\t\t\t<\/div>\n\t\t<\/div>\n\t\t\t\t\t<\/div>\n\t\t<\/section>\n\t\t\t\t<div class=\"elementor-element elementor-element-76c814a7 elementor-widget elementor-widget-spacer\" data-id=\"76c814a7\" data-element_type=\"widget\" data-widget_type=\"spacer.default\">\n\t\t\t\t\t\t\t<div class=\"elementor-spacer\">\n\t\t\t<div class=\"elementor-spacer-inner\"><\/div>\n\t\t<\/div>\n\t\t\t\t\t\t<\/div>\n\t\t\t\t<section class=\"elementor-section elementor-inner-section elementor-element elementor-element-2bbe75f5 elementor-section-boxed elementor-section-height-default elementor-section-height-default\" data-id=\"2bbe75f5\" data-element_type=\"section\">\n\t\t\t\t\t\t<div class=\"elementor-container elementor-column-gap-default\">\n\t\t\t\t\t<div class=\"elementor-column elementor-col-50 elementor-inner-column elementor-element elementor-element-3a3c7133\" data-id=\"3a3c7133\" data-element_type=\"column\">\n\t\t\t<div class=\"elementor-widget-wrap elementor-element-populated\">\n\t\t\t\t\t\t<div class=\"elementor-element elementor-element-9f40fa4 elementor-widget elementor-widget-heading\" data-id=\"9f40fa4\" data-element_type=\"widget\" data-widget_type=\"heading.default\">\n\t\t\t\t\t<h2 class=\"elementor-heading-title elementor-size-default\">2.\tH\u00e9bergement <\/h2>\t\t\t\t<\/div>\n\t\t\t\t<div class=\"elementor-element elementor-element-20b048f3 elementor-widget elementor-widget-text-editor\" data-id=\"20b048f3\" data-element_type=\"widget\" data-widget_type=\"text-editor.default\">\n\t\t\t\t\t\t\t\t\t<p>L\u2019h\u00e9bergement du site est assur\u00e9 par la soci\u00e9t\u00e9 <strong>o2switch, une soci\u00e9t\u00e9 du groupe Zohey<\/strong><br \/><strong>SAS<\/strong> au capital de <strong>8 000 000<\/strong>\u00a0euros, inscrite au registre du commerce et des soci\u00e9t\u00e9s de <strong>Clermont-Ferrand<\/strong>.<\/p><p>Si\u00e8ge social :\u00a0<strong>222-224 Boulevard Gustave Flaubert 63000 Clermont-Ferrand<\/strong><\/p><p>T\u00e9l\u00e9phone : \u00a0<strong>+33 04 44 44 60 40<\/strong>.<\/p>\t\t\t\t\t\t\t\t<\/div>\n\t\t\t\t<div class=\"elementor-element elementor-element-6a8d38b elementor-widget elementor-widget-heading\" data-id=\"6a8d38b\" data-element_type=\"widget\" data-widget_type=\"heading.default\">\n\t\t\t\t\t<h2 class=\"elementor-heading-title elementor-size-default\">3.\tConditions d\u2019utilisation <\/h2>\t\t\t\t<\/div>\n\t\t\t\t<div class=\"elementor-element elementor-element-17a098b elementor-widget elementor-widget-text-editor\" data-id=\"17a098b\" data-element_type=\"widget\" data-widget_type=\"text-editor.default\">\n\t\t\t\t\t\t\t\t\tNolita Cin\u00e9ma, via le site <a href=\"https:\/\/nolita.fr\/en\/\">nolita.fr<\/a> (ci-apr\u00e8s \u00ab\u00a0le site\u00a0\u00bb), met tout en \u0153uvre pour offrir aux internautes des informations v\u00e9rifi\u00e9es mais ne saurait \u00eatre tenue pour responsable des erreurs, d\u2019une absence de disponibilit\u00e9 des fonctionnalit\u00e9s ou de la pr\u00e9sence de virus sur le site et son contenu.\n\nLes informations fournies par le site le sont uniquement \u00e0 titre indicatif et de renseignements g\u00e9n\u00e9raux, et ne sauraient dispenser l\u2019internaute d\u2019une analyse compl\u00e9mentaire et personnalis\u00e9e.\n\nNolita Cin\u00e9ma fait tout son possible pour veiller \u00e0 l&rsquo;exactitude et \u00e0 la v\u00e9racit\u00e9 des renseignements contenus sur le site et ne peut aucunement \u00eatre tenue responsable de tout pr\u00e9judice pouvant \u00eatre caus\u00e9 par l&rsquo;utilisation de ce site.\n\nNolita Cin\u00e9ma fait appel \u00e0 des sources fiables afin que les renseignements accessibles sur le site soient exacts et r\u00e9guli\u00e8rement tenus \u00e0 jour.\n\nNolita Cin\u00e9ma ne peut aucunement \u00eatre tenue responsable de tout pr\u00e9judice pouvant \u00eatre caus\u00e9 par l\u2019utilisation de ce site.\n\nNolita Cin\u00e9ma se r\u00e9serve le droit de r\u00e9viser, supprimer, modifier, valider, ou changer, int\u00e9gralement ou en partie, tout contenu envoy\u00e9 au site ou affich\u00e9 sur celui-ci.\n\nEn cons\u00e9quence, l\u2019internaute reconna\u00eet utiliser ces informations sous sa responsabilit\u00e9 exclusive.\n\nL\u2019internaute s\u2019engage \u00e0 ne commettre aucun acte pouvant mettre en cause la s\u00e9curit\u00e9 informatique du site.\n\nL\u2019internaute s\u2019engage \u00e0 ne pas interf\u00e9rer ou interrompre le fonctionnement normal du site.\t\t\t\t\t\t\t\t<\/div>\n\t\t\t\t<div class=\"elementor-element elementor-element-5c3659a elementor-widget elementor-widget-heading\" data-id=\"5c3659a\" data-element_type=\"widget\" data-widget_type=\"heading.default\">\n\t\t\t\t\t<h2 class=\"elementor-heading-title elementor-size-default\">4.\tPROPRIETE INTELLECTUELLE<\/h2>\t\t\t\t<\/div>\n\t\t\t\t<div class=\"elementor-element elementor-element-b53dc7f elementor-widget elementor-widget-text-editor\" data-id=\"b53dc7f\" data-element_type=\"widget\" data-widget_type=\"text-editor.default\">\n\t\t\t\t\t\t\t\t\t<p>Aucune licence ou droit d&rsquo;utilisation sur les marques et logos figurant sur le site n\u2019est accord\u00e9e sans le consentement pr\u00e9alable et \u00e9crit de Nolita Cin\u00e9ma sous peine de contrefa\u00e7on au sens de l\u2019article L. 713-2 du Code de la propri\u00e9t\u00e9 intellectuelle.<\/p><p>La structure g\u00e9n\u00e9rale, les logiciels, textes, m\u00e9thodes, sons, savoir-faire, et tous les autres \u00e9l\u00e9ments composant le site, sont la propri\u00e9t\u00e9 exclusive de Nolita Cin\u00e9ma ou de ses partenaires qui lui ont conc\u00e9d\u00e9 une licence.<\/p><p>Toute repr\u00e9sentation totale ou partielle de ce site par quelle que personne que ce soit, sans l\u2019autorisation expresse de Nolita Cin\u00e9ma, est interdite et constituerait une contrefa\u00e7on sanctionn\u00e9e par les articles L. 335-2 et suivants du Code de la propri\u00e9t\u00e9 intellectuelle.<\/p><p>Il en est de m\u00eame des bases de donn\u00e9es figurant, le cas \u00e9ch\u00e9ant sur le site, qui sont prot\u00e9g\u00e9es par les articles L. 341-1 et suivants du Code de la propri\u00e9t\u00e9 intellectuelle.<\/p><p>Les autres signes distinctifs de Nolita Cin\u00e9ma et de ses partenaires, notamment les d\u00e9nominations sociales, noms commerciaux, enseignes, noms de domaine reproduits sur le site, sont la propri\u00e9t\u00e9 de Nolita Cin\u00e9ma ou de ses partenaires lui ayant conc\u00e9d\u00e9 une licence, et toute reproduction, sans autorisation expresse, est donc prohib\u00e9e.<\/p>\t\t\t\t\t\t\t\t<\/div>\n\t\t\t\t\t<\/div>\n\t\t<\/div>\n\t\t\t\t<div class=\"elementor-column elementor-col-50 elementor-inner-column elementor-element elementor-element-24ae2592\" data-id=\"24ae2592\" data-element_type=\"column\">\n\t\t\t<div class=\"elementor-widget-wrap elementor-element-populated\">\n\t\t\t\t\t\t<div class=\"elementor-element elementor-element-59539c02 elementor-widget elementor-widget-heading\" data-id=\"59539c02\" data-element_type=\"widget\" data-widget_type=\"heading.default\">\n\t\t\t\t\t<h2 class=\"elementor-heading-title elementor-size-default\">5.\tDONNEES A CARACTERE PERSONNEL<\/h2>\t\t\t\t<\/div>\n\t\t\t\t<div class=\"elementor-element elementor-element-6d9a852d elementor-widget elementor-widget-text-editor\" data-id=\"6d9a852d\" data-element_type=\"widget\" data-widget_type=\"text-editor.default\">\n\t\t\t\t\t\t\t\t\t<p>Nolita Cin\u00e9ma peut \u00eatre amen\u00e9e \u00e0 collecter des donn\u00e9es dans le cadre de son activit\u00e9, de la visite du site (via des \u00ab\u00a0cookies\u00a0\u00bb), ou lors de toute prise de contact de l\u2019internaute. Pour plus d\u2019informations \u00e0 ce sujet, l\u2019internaute est invit\u00e9 \u00e0 prendre connaissance de la politique de confidentialit\u00e9 de Nolita Cin\u00e9ma accessible \u00e0 tout moment sur le site.<\/p>\t\t\t\t\t\t\t\t<\/div>\n\t\t\t\t<div class=\"elementor-element elementor-element-8eac168 elementor-widget elementor-widget-heading\" data-id=\"8eac168\" data-element_type=\"widget\" data-widget_type=\"heading.default\">\n\t\t\t\t\t<h2 class=\"elementor-heading-title elementor-size-default\">6.\tLANGUE DU SITE <\/h2>\t\t\t\t<\/div>\n\t\t\t\t<div class=\"elementor-element elementor-element-40b0d9d elementor-widget elementor-widget-text-editor\" data-id=\"40b0d9d\" data-element_type=\"widget\" data-widget_type=\"text-editor.default\">\n\t\t\t\t\t\t\t\t\t<p>L\u2019ensemble des informations pr\u00e9sent\u00e9es sur le site est publi\u00e9 en langue fran\u00e7aise et anglaise.<\/p><p>Si les pr\u00e9sentes mentions l\u00e9gales venaient \u00e0 faire l&rsquo;objet d&rsquo;une traduction dans une autre langue, notamment par le biais de traducteur automatis\u00e9, la langue fran\u00e7aise pr\u00e9vaudra sur toute autre traduction en cas de contestation, litige, difficult\u00e9 d&rsquo;interpr\u00e9tation ou d&rsquo;ex\u00e9cution des pr\u00e9sentes et de fa\u00e7on plus g\u00e9n\u00e9rale concernant les relations existant entre les parties.<\/p>\t\t\t\t\t\t\t\t<\/div>\n\t\t\t\t<div class=\"elementor-element elementor-element-7656fcf elementor-widget elementor-widget-heading\" data-id=\"7656fcf\" data-element_type=\"widget\" data-widget_type=\"heading.default\">\n\t\t\t\t\t<h2 class=\"elementor-heading-title elementor-size-default\">7.\tDROIT APPLICABLE<\/h2>\t\t\t\t<\/div>\n\t\t\t\t<div class=\"elementor-element elementor-element-4e18b9e elementor-widget elementor-widget-text-editor\" data-id=\"4e18b9e\" data-element_type=\"widget\" data-widget_type=\"text-editor.default\">\n\t\t\t\t\t\t\t\t\t<p>Le site soumis au droit fran\u00e7ais. Il en est ainsi pour les r\u00e8gles de fond et les r\u00e8gles de forme et ce, nonobstant les lieux d\u2019ex\u00e9cution des obligations substantielles ou accessoires.<\/p><p>Tout litige d\u00e9coulant directement ou indirectement de l\u2019utilisation du site rel\u00e8vera de la comp\u00e9tence des juridictions fran\u00e7aises.<\/p>\t\t\t\t\t\t\t\t<\/div>\n\t\t\t\t<div class=\"elementor-element elementor-element-77d8660 elementor-widget elementor-widget-heading\" data-id=\"77d8660\" data-element_type=\"widget\" data-widget_type=\"heading.default\">\n\t\t\t\t\t<h2 class=\"elementor-heading-title elementor-size-default\">8.\tMODIFICATION<\/h2>\t\t\t\t<\/div>\n\t\t\t\t<div class=\"elementor-element elementor-element-7ab769f elementor-widget elementor-widget-text-editor\" data-id=\"7ab769f\" data-element_type=\"widget\" data-widget_type=\"text-editor.default\">\n\t\t\t\t\t\t\t\t\t<p>Nolita Cin\u00e9ma se r\u00e9serve le droit de modifier le contenu des pr\u00e9sentes mentions l\u00e9gales \u00e0 tout moment et sans pr\u00e9avis.<\/p><p>L\u2019internaute est donc invit\u00e9 \u00e0 la consulter r\u00e9guli\u00e8rement.<\/p><p>\u00a0<\/p><p><em>Date de la derni\u00e8re mise \u00e0 jour\u00a0: Dec 2020.<\/em><\/p>\t\t\t\t\t\t\t\t<\/div>\n\t\t\t\t\t<\/div>\n\t\t<\/div>\n\t\t\t\t\t<\/div>\n\t\t<\/section>\n\t\t\t\t\t<\/div>\n\t\t<\/div>\n\t\t\t\t\t<\/div>\n\t\t<\/section>\n\t\t\t\t<\/div>","protected":false},"excerpt":{"rendered":"","protected":false},"author":1,"featured_media":0,"parent":0,"menu_order":0,"comment_status":"closed","ping_status":"closed","template":"elementor_header_footer","meta":{"footnotes":""},"class_list":["post-15454","page","type-page","status-publish"],"_links":{"self":[{"href":"https:\/\/nolita.fr\/en\/wp-json\/wp\/v2\/pages\/15454","targetHints":{"allow":["GET"]}}],"collection":[{"href":"https:\/\/nolita.fr\/en\/wp-json\/wp\/v2\/pages"}],"about":[{"href":"https:\/\/nolita.fr\/en\/wp-json\/wp\/v2\/types\/page"}],"author":[{"embeddable":true,"href":"https:\/\/nolita.fr\/en\/wp-json\/wp\/v2\/users\/1"}],"replies":[{"embeddable":true,"href":"https:\/\/nolita.fr\/en\/wp-json\/wp\/v2\/comments?post=15454"}],"version-history":[{"count":3,"href":"https:\/\/nolita.fr\/en\/wp-json\/wp\/v2\/pages\/15454\/revisions"}],"predecessor-version":[{"id":19858,"href":"https:\/\/nolita.fr\/en\/wp-json\/wp\/v2\/pages\/15454\/revisions\/19858"}],"wp:attachment":[{"href":"https:\/\/nolita.fr\/en\/wp-json\/wp\/v2\/media?parent=15454"}],"curies":[{"name":"wp","href":"https:\/\/api.w.org\/{rel}","templated":true}]}}